{"id":2,"date":"2016-02-20T17:22:13","date_gmt":"2016-02-20T17:22:13","guid":{"rendered":"http:\/\/sensdog.com\/blog\/?page_id=2"},"modified":"2021-08-03T12:44:10","modified_gmt":"2021-08-03T12:44:10","slug":"sample-page","status":"publish","type":"page","link":"https:\/\/sensdog.com\/blog\/index.php\/sample-page\/","title":{"rendered":"What is SensDog?"},"content":{"rendered":"<h3><img loading=\"lazy\" decoding=\"async\" class=\"alignnone size-full wp-image-111\" src=\"https:\/\/sensdog.com\/blog\/wp-content\/uploads\/2016\/11\/SensDog_infigraphics_1240.jpg\" alt=\"sensdog_infigraphics_1240\" width=\"1240\" height=\"1318\" \/><\/h3>\n<h3><\/h3>\n<h3>OUR MISSION<\/h3>\n<p>SensDog is not just a promising startup but a brand new business model regarding how can we make a viable bonding between academic science and hardcore business. It is backed by the world\u2019s leading dog behavior laboratory and a technology\u00a0startup of digital experts with several years of experience in mobile technology.<br \/>\nOur objective is to make the latest scientific results available to the end users by using state-of-the-art mobile technology and in the meantime also to give back the sources and the needed feedback for scientific research.\u2028\u2028We\u2019d like to build a new and deeper relationship between the dog and the owner which is more about understanding and accepting each other as friends than simply about the way we keep\u00a0animals around us. We use the latest and most advanced technology which is available on the market now and even in the future. Working with the most innovative digital company of the world we have the possibility to keep this technological advantage for many years.<\/p>\n<p>Our scientific approach is about learning and understanding dogs\u2019 behavior as part of the human evolution; appreciating how the wild animals, following our ancestors at the dawn of human civilizations have become family members, while building a bond that is unique and unprecedented between humans\u00a0and animals.<\/p>\n<p>We believe that sharing our digital life with dogs and allowing them to communicate with us like we talk to each other is not only a possibility for a new way of interaction but it\u2019s also a new kind of lifestyle to improve our natural inner part.<\/p>\n<h3>\n<strong>Our Story<\/strong><\/h3>\n<p>SensDog started with an incidental meeting between two long-time friends: G\u00e1bor Csizmadia an entrepreneur and digital expert in mobile communication and \u00c1d\u00e1m Mikl\u00f3si the professor and head of the Department of Ethology at the E\u00f6tv\u00f6s Lor\u00e1nd University.<\/p>\n<p>There was an applied scientific project that aimed at developing a technology which assist dogs and humans in search and rescue tasks. However, the technical problems caused more and more delay without any promising improvements. It was G\u00e1bor\u2019s idea, who had been working on a project for Apple Watch, to use this complete device as a stand-alone sensor and communication solution in the project. At first glance it seemed to be a strange solution but they decided to make a pilot version and test it in real-life conditions.<br \/>\nThe rest of the story is now history.<\/p>\n<p>After several laboratory and field test, years of hard research and development and the joining of several bright young researchers and developers the idea became a full-fledged business &amp; research project. The results are so promising that it\u00a0could become one of the first smart devices to revolutionize the $61 billion dollar pet industry in the US and later spread worldwide.<\/p>\n<h2>WHY SENSDOG IS DIFFERENT?<\/h2>\n<h3>Our advantage<\/h3>\n<p>The last years of the pet industry have all been about GPS sensors and smart collars for pets. There were a lot of promising new products and lot of less promising failures. By examining the failures we could find two main reasons: one is technical and the other is scientific.\u2028\u2028The technical problem is evident. To build a device with the capability to deliver the same quality as the industry titans and to step in a direct competition with some of the IT industry\u2019s companies with the best R&amp;D possibilities and huge financial and human resources is an\u00a0assured failure. The failure is predictable.<br \/>\nThe scientific problem is less more elusive, yet trivial: there has been a lack of scientific knowledge associated with the product. Most of the promises are absurd statements about animal behavior and some claims are evidently against the current knowledge about dog behavior. Science is science and marketing is\u00a0marketing, mixing them up is not a good recipe for success.<br \/>\nFrom the first step on we have been building on these two weaknesses of our competitors and made them to be the two pillars of our project.<br \/>\nWe have built on the number one device of the number one company. And even though this places the pricing of the final product in the premium range, the advantage is clear and the value is undoubtedly worth the money.<\/p>\n<p>This way we could eliminate the risks of hardware, problems that our competitors\u00a0faced, even avoiding legal or authorization paperwork. We don\u2019t have to worry about the future either since all the technical advantages are built in the device from the very beginning.<br \/>\nRegarding the scientific background we work in privileged collaboration with the world\u2019s number one laboratory in dog behavior research. This allows us to incorporate the most advanced results in our device so that we are able to deliver the latest scientific improvements to our users as soon as possible. We\u00a0hope that this kind of business model will mean a clear advantage for our users and could be a new paradigm in the startup industry, as well as a promising example for the future of managing science.<\/p>\n<h2><\/h2>\n","protected":false},"excerpt":{"rendered":"<p>OUR MISSION SensDog is not just a promising startup but a brand new business model regarding how can we make a viable bonding between academic science and hardcore business. It is backed by the world\u2019s leading dog behavior laboratory and a technology\u00a0startup of digital experts with several years of experience in mobile technology. Our objective <a href=\"https:\/\/sensdog.com\/blog\/index.php\/sample-page\/\" rel=\"nofollow\"><span class=\"sr-only\">Read more about What is SensDog?<\/span>[&hellip;]<\/a><\/p>\n","protected":false},"author":1,"featured_media":0,"parent":0,"menu_order":0,"comment_status":"closed","ping_status":"open","template":"template-fullwidth.php","meta":{"footnotes":""},"class_list":["post-2","page","type-page","status-publish","hentry"],"aioseo_notices":[],"_links":{"self":[{"href":"https:\/\/sensdog.com\/blog\/index.php\/wp-json\/wp\/v2\/pages\/2","targetHints":{"allow":["GET"]}}],"collection":[{"href":"https:\/\/sensdog.com\/blog\/index.php\/wp-json\/wp\/v2\/pages"}],"about":[{"href":"https:\/\/sensdog.com\/blog\/index.php\/wp-json\/wp\/v2\/types\/page"}],"author":[{"embeddable":true,"href":"https:\/\/sensdog.com\/blog\/index.php\/wp-json\/wp\/v2\/users\/1"}],"replies":[{"embeddable":true,"href":"https:\/\/sensdog.com\/blog\/index.php\/wp-json\/wp\/v2\/comments?post=2"}],"version-history":[{"count":8,"href":"https:\/\/sensdog.com\/blog\/index.php\/wp-json\/wp\/v2\/pages\/2\/revisions"}],"predecessor-version":[{"id":166,"href":"https:\/\/sensdog.com\/blog\/index.php\/wp-json\/wp\/v2\/pages\/2\/revisions\/166"}],"wp:attachment":[{"href":"https:\/\/sensdog.com\/blog\/index.php\/wp-json\/wp\/v2\/media?parent=2"}],"curies":[{"name":"wp","href":"https:\/\/api.w.org\/{rel}","templated":true}]}}